{"id":1674,"date":"2023-02-08T15:20:50","date_gmt":"2023-02-08T15:20:50","guid":{"rendered":"http:\/\/congres-sccot.com\/?page_id=1674"},"modified":"2025-01-24T10:34:05","modified_gmt":"2025-01-24T10:34:05","slug":"benvinguda-del-comite-organitzador-2","status":"publish","type":"page","link":"http:\/\/congres-sccot.com\/?page_id=1674","title":{"rendered":"<strong>Benvinguda del Comit\u00e9 Organitzador<\/strong>"},"content":{"rendered":"\n<p>Benvolguts\/des,<\/p>\n\n\n\n<p>Ens plau donar-vos la benvinguda al 6\u00e8 Congr\u00e9s de la Societat Infermera Catalana en Cirurgia Ortop\u00e8dica i Traumatologia (SICCOT). En aquesta ocasi\u00f3, l\u2019organitzaci\u00f3 de l\u2019esdeveniment ser\u00e0 condu\u00efda per infermeres vinculades al Servei de COT de l\u2019Hospital Universitari M\u00fatua de Terrassa. La seu del Congr\u00e9s ser\u00e0 al centre Cultural Terrassa, que compartirem, en una ocasi\u00f3 m\u00e9s, amb la SICCOT.<\/p>\n\n\n\n<p>Estem compromeses, des del moment que v\u00e0rem assumir l\u2019organitzaci\u00f3, per aconseguir oferir un congr\u00e9s atractiu amb un programa d\u2019alt nivell en l\u2019\u00e0mbit cient\u00edfic i aven\u00e7os en traumatologia, per aix\u00ed millorar la nostra pr\u00e0ctica di\u00e0ria i qualitat assistencial, que sigui del m\u00e0xim inter\u00e8s per a tothom, amb confort en les instal\u00b7lacions i espai per a les relacions personals i de grups, com s\u2019ha aconseguit en altres ocasions. Tamb\u00e9 s\u2019hi ha de sumar l\u2019atractiu en altres aspectes que ofereix la nostra ciutat combinant: cultura, art, gastronomia, arquitectura i innovaci\u00f3.<\/p>\n\n\n\n<p>Ens faria molta il\u00b7lusi\u00f3 compartir amb totes vosaltres el nostre Congr\u00e9s; pel qual necessitem la vostra assist\u00e8ncia i participaci\u00f3, i us encoratgem a venir a Terrassa per retrobar-nos de nou per compartir coneixements i experi\u00e8ncies, mitjan\u00e7ant comunicacions i cartells cient\u00edfics o participant en les pon\u00e8ncies.<\/p>\n\n\n\n<p>Volem agrair a la Societat Infermera Catalana en COT el suport i la confian\u00e7a que ens han atorgat i la col\u00b7laboraci\u00f3 en l\u2019organitzaci\u00f3 del 6 Congr\u00e9s de la SICCOT.<\/p>\n\n\n\n<p>Tamb\u00e9 volem agrair al personal assistencial l\u2019esfor\u00e7 que suposa compaginar l\u2019activitat di\u00e0ria amb el desenvolupament de treballs cient\u00edfics, i a la Direcci\u00f3 d\u2019Infermeria pel suport rebut.<\/p>\n\n\n\n<p><img loading=\"lazy\" decoding=\"async\" width=\"150\" height=\"144\" class=\"wp-image-1675\" style=\"width: 150px;\" src=\"http:\/\/congres-sccot.com\/wp-content\/uploads\/2023\/02\/Captura-de-Pantalla-2023-02-08-a-las-16.20.28.png\" alt=\"\"><\/p>\n\n\n\n<p><strong>Anna Cabas\u00e9s Estop\u00e0<\/strong><\/p>\n\n\n\n<p>Hospital Universitari M\u00fatua de Terrassa<\/p>\n","protected":false},"excerpt":{"rendered":"<p>Benvolguts\/des, Ens plau donar-vos la benvinguda al 6\u00e8 Congr\u00e9s de la Societat Infermera Catalana en Cirurgia Ortop\u00e8dica i Traumatologia (SICCOT). En aquesta ocasi\u00f3, l\u2019organitzaci\u00f3 de l\u2019esdeveniment ser\u00e0 condu\u00efda per infermeres vinculades al Servei de COT de l\u2019Hospital Universitari M\u00fatua de Terrassa. La seu del Congr\u00e9s ser\u00e0 al centre Cultural Terrassa, que compartirem, en una ocasi\u00f3&hellip;&nbsp;<a href=\"http:\/\/congres-sccot.com\/?page_id=1674\" rel=\"bookmark\">Leer m\u00e1s &raquo;<span class=\"screen-reader-text\"><strong>Benvinguda del Comit\u00e9 Organitzador<\/strong><\/span><\/a><\/p>\n","protected":false},"author":1,"featured_media":0,"parent":0,"menu_order":0,"comment_status":"closed","ping_status":"closed","template":"","meta":{"neve_meta_sidebar":"","neve_meta_container":"","neve_meta_enable_content_width":"","neve_meta_content_width":0,"neve_meta_title_alignment":"","neve_meta_author_avatar":"","neve_post_elements_order":"","neve_meta_disable_header":"","neve_meta_disable_footer":"","neve_meta_disable_title":"","footnotes":""},"class_list":["post-1674","page","type-page","status-publish","hentry"],"_links":{"self":[{"href":"http:\/\/congres-sccot.com\/index.php?rest_route=\/wp\/v2\/pages\/1674","targetHints":{"allow":["GET"]}}],"collection":[{"href":"http:\/\/congres-sccot.com\/index.php?rest_route=\/wp\/v2\/pages"}],"about":[{"href":"http:\/\/congres-sccot.com\/index.php?rest_route=\/wp\/v2\/types\/page"}],"author":[{"embeddable":true,"href":"http:\/\/congres-sccot.com\/index.php?rest_route=\/wp\/v2\/users\/1"}],"replies":[{"embeddable":true,"href":"http:\/\/congres-sccot.com\/index.php?rest_route=%2Fwp%2Fv2%2Fcomments&post=1674"}],"version-history":[{"count":2,"href":"http:\/\/congres-sccot.com\/index.php?rest_route=\/wp\/v2\/pages\/1674\/revisions"}],"predecessor-version":[{"id":1701,"href":"http:\/\/congres-sccot.com\/index.php?rest_route=\/wp\/v2\/pages\/1674\/revisions\/1701"}],"wp:attachment":[{"href":"http:\/\/congres-sccot.com\/index.php?rest_route=%2Fwp%2Fv2%2Fmedia&parent=1674"}],"curies":[{"name":"wp","href":"https:\/\/api.w.org\/{rel}","templated":true}]}}