{"id":1750,"date":"2023-02-20T12:33:00","date_gmt":"2023-02-20T12:33:00","guid":{"rendered":"http:\/\/congres-sccot.com\/?page_id=1750"},"modified":"2025-01-24T10:34:25","modified_gmt":"2025-01-24T10:34:25","slug":"inscripcions-siccot","status":"publish","type":"page","link":"http:\/\/congres-sccot.com\/?page_id=1750","title":{"rendered":"Inscripcions SICCOT"},"content":{"rendered":"\n<div class=\"wp-block-buttons alignwide is-layout-flex wp-block-buttons-is-layout-flex\"><\/div>\n\n\n\n<p><strong><mark style=\"background-color:rgba(0, 0, 0, 0)\" class=\"has-inline-color has-nv-c-2-color\">INSCRIPCIONS 6\u00e8 CONGR\u00c9S SICCOT<\/mark><\/strong><\/p>\n\n\n\n<figure class=\"wp-block-table\"><table><tbody><tr><td><\/td><td><br><strong>Abans 31 de mar\u00e7<\/strong><\/td><td><br><strong>Despr\u00e9s 31 de mar\u00e7<\/strong><\/td><\/tr><tr><td><strong><mark style=\"background-color:rgba(0, 0, 0, 0)\" class=\"has-inline-color has-neve-link-hover-color-color\">Membres SICCOT<\/mark><\/strong><\/td><td>170 \u20ac participants<\/td><td>180 \u20ac participants<\/td><\/tr><tr><td><strong><mark style=\"background-color:rgba(0, 0, 0, 0)\" class=\"has-inline-color has-neve-link-hover-color-color\">No Membres SICCOT<\/mark><\/strong><\/td><td>220 \u20ac participants<\/td><td>230 \u20ac participants<\/td><\/tr><tr><td><strong><mark style=\"background-color:rgba(0, 0, 0, 0)\" class=\"has-inline-color has-neve-link-hover-color-color\">Estudiants Infermeria*<\/mark><\/strong><\/td><td>80 \u20ac<\/td><td>90 \u20ac<\/td><\/tr><tr><td><strong><mark style=\"background-color:rgba(0, 0, 0, 0)\" class=\"has-inline-color has-neve-link-hover-color-color\">Sopar Congr\u00e9s SICCOT<\/mark><\/strong><\/td><td>60 \u20ac (Places limitades)<\/td><td><\/td><\/tr><\/tbody><\/table><figcaption class=\"wp-element-caption\"><sup>(*) <\/sup>Estudiants Infermeria: No inclou el sopar del congr\u00e9s<br><br>La quota d\u2019inscripci\u00f3 inclou documentaci\u00f3 cient\u00edfica, dinar de treball, caf\u00e8s, sopar.&nbsp;<br>IVA incl\u00f2s<\/figcaption><\/figure>\n\n\n\n<div class=\"wp-block-buttons alignwide is-layout-flex wp-block-buttons-is-layout-flex\">\n<div class=\"wp-block-button aligncenter is-style-primary\"><a class=\"wp-block-button__link has-nv-c-2-background-color has-background wp-element-button\" href=\"https:\/\/www.emma.events\/sccot2023\" target=\"_blank\" rel=\"noreferrer noopener\">ACCEDEIXI A LA PLATAFORMA D&#8217;INSCRIPCIONS<\/a><\/div>\n<\/div>\n\n\n\n<hr class=\"wp-block-separator has-css-opacity\"\/>\n\n\n\n<p class=\"has-text-align-center\"><\/p>\n","protected":false},"excerpt":{"rendered":"<p>INSCRIPCIONS 6\u00e8 CONGR\u00c9S SICCOT Abans 31 de mar\u00e7 Despr\u00e9s 31 de mar\u00e7 Membres SICCOT 170 \u20ac participants 180 \u20ac participants No Membres SICCOT 220 \u20ac participants 230 \u20ac participants Estudiants Infermeria* 80 \u20ac 90 \u20ac Sopar Congr\u00e9s SICCOT 60 \u20ac (Places limitades) (*) Estudiants Infermeria: No inclou el sopar del congr\u00e9s La quota d\u2019inscripci\u00f3 inclou&hellip;&nbsp;<a href=\"http:\/\/congres-sccot.com\/?page_id=1750\" rel=\"bookmark\">Leer m\u00e1s &raquo;<span class=\"screen-reader-text\">Inscripcions SICCOT<\/span><\/a><\/p>\n","protected":false},"author":1,"featured_media":0,"parent":0,"menu_order":0,"comment_status":"closed","ping_status":"closed","template":"","meta":{"neve_meta_sidebar":"","neve_meta_container":"","neve_meta_enable_content_width":"","neve_meta_content_width":0,"neve_meta_title_alignment":"","neve_meta_author_avatar":"","neve_post_elements_order":"","neve_meta_disable_header":"","neve_meta_disable_footer":"","neve_meta_disable_title":"","footnotes":""},"class_list":["post-1750","page","type-page","status-publish","hentry"],"_links":{"self":[{"href":"http:\/\/congres-sccot.com\/index.php?rest_route=\/wp\/v2\/pages\/1750","targetHints":{"allow":["GET"]}}],"collection":[{"href":"http:\/\/congres-sccot.com\/index.php?rest_route=\/wp\/v2\/pages"}],"about":[{"href":"http:\/\/congres-sccot.com\/index.php?rest_route=\/wp\/v2\/types\/page"}],"author":[{"embeddable":true,"href":"http:\/\/congres-sccot.com\/index.php?rest_route=\/wp\/v2\/users\/1"}],"replies":[{"embeddable":true,"href":"http:\/\/congres-sccot.com\/index.php?rest_route=%2Fwp%2Fv2%2Fcomments&post=1750"}],"version-history":[{"count":2,"href":"http:\/\/congres-sccot.com\/index.php?rest_route=\/wp\/v2\/pages\/1750\/revisions"}],"predecessor-version":[{"id":1785,"href":"http:\/\/congres-sccot.com\/index.php?rest_route=\/wp\/v2\/pages\/1750\/revisions\/1785"}],"wp:attachment":[{"href":"http:\/\/congres-sccot.com\/index.php?rest_route=%2Fwp%2Fv2%2Fmedia&parent=1750"}],"curies":[{"name":"wp","href":"https:\/\/api.w.org\/{rel}","templated":true}]}}