{"id":2884,"date":"2024-03-21T11:35:12","date_gmt":"2024-03-21T11:35:12","guid":{"rendered":"http:\/\/congres-sccot.com\/?page_id=2884"},"modified":"2025-01-24T10:34:05","modified_gmt":"2025-01-24T10:34:05","slug":"benvinguda-del-comite-organitzador-3","status":"publish","type":"page","link":"http:\/\/congres-sccot.com\/?page_id=2884","title":{"rendered":"Benvinguda del Comit\u00e8 Organitzador"},"content":{"rendered":"\n<p><\/p>\n\n\n\n<p>Estimat\/ada membre de la Societat Catalana de Cirurgia Ortop\u00e8dica i Traumatologia (SCCOT) i de la Societat d&#8217;Infermeria Catalana de COT (SICCOT):<\/p>\n\n\n\n<p>Ens plau sincerament donar-vos la benvinguda al 36\u00e8 Congr\u00e9s de la SCCOT i al 7\u00e8 Congr\u00e9s de la SICCOT, que se celebrar\u00e0 els dies 30 i 31 de maig a l&#8217;Hospitalet de Llobregat.<\/p>\n\n\n\n<p>Aquest esdeveniment, organitzat pels Serveis de COT dels hospitals del Consorci Sanitari Integral (CSI), format pel Complex Hospitalari Mois\u00e8s Broggi-Hospitalet i l&#8217;Hospital Dos de Maig de Barcelona, \u00e9s una oportunitat excepcional per aprofundir en el coneixement i l&#8217;intercanvi d&#8217;experi\u00e8ncies en el camp de la cirurgia ortop\u00e8dica i traumatologia.<\/p>\n\n\n\n<p>Amb un programa cient\u00edfic ric i variat, comptem amb la participaci\u00f3 de reconeguts experts que compartiran les seves investigacions i coneixements m\u00e9s recents. A m\u00e9s, les sessions pr\u00e0ctiques i les taules rodones ofereixen un marc ideal per al debat i la reflexi\u00f3 sobre els temes m\u00e9s rellevants de la nostra especialitat.<\/p>\n\n\n\n<p>A m\u00e9s d&#8217;haver espai per a Comunicacions lliures, presentaci\u00f3 de Tesis Doctorals i Cartells Cient\u00edfics, es faran dues taules rodones dedicades a temes d&#8217;actualitat com el S\u00edndrome dolor\u00f3s del troc\u00e0nter major i la Infecci\u00f3 associada a Osteos\u00edntesi.&nbsp;<\/p>\n\n\n\n<p>Hi haur\u00e0 espais dedicats als Grups de Treball: Amics del Genoll, Grup de Peu i Turmell, Grup d\u2019Espatlla i Colze, Grup de Patologia Traum\u00e0tica, Traumatologia i Ortop\u00e8dia Infantil, grup de raquis i el Grup de Ma i Canell.&nbsp;<\/p>\n\n\n\n<p>Aix\u00ed mateix, amb l&#8217;esperit de col\u00b7laboraci\u00f3 amb la SICCOT, es dur\u00e0 a terme una taula rodona conjunta dedicada a \u201cl&#8217;abordatge del peu diab\u00e8tic: la import\u00e0ncia de l&#8217;equip multidisciplinari\u201d.<\/p>\n\n\n\n<p>Comptarem com a conferenciant convidat amb ell Dr. Rodrigo Menchaca, qui compartir\u00e0 amb nosaltres les seves perspectives sobre les aplicacions actuals i futures de la Intel\u00b7lig\u00e8ncia Artificial en medicina i cirurgia. El Dr. Menchaca \u00e9s un expert reconegut en el camp de la Intel\u00b7lig\u00e8ncia Artificial aplicada a la medicina, amb una \u00e0mplia experi\u00e8ncia en investigaci\u00f3 i pr\u00e0ctica cl\u00ednica. La seva pon\u00e8ncia promet ser una oportunitat \u00fanica per explorar els \u00faltims avan\u00e7os tecnol\u00f2gics i les seves implicacions en el nostre \u00e0mbit professional.<\/p>\n\n\n\n<p>L&#8217;Hospitalet de Llobregat, amb la seva rica hist\u00f2ria i la seva vocaci\u00f3 sanit\u00e0ria, ens acollir\u00e0 amb les seves portes obertes per aprofundir en la nostra formaci\u00f3 i relaci\u00f3 professional.<\/p>\n\n\n\n<p>Volem expressar el nostre sincer agra\u00efment a la ind\u00fastria per la seva col\u00b7laboraci\u00f3 essencial en el Congr\u00e9s. Sense la seva participaci\u00f3, seria impossible dur a terme aquesta important reuni\u00f3.&nbsp;<\/p>\n\n\n\n<p>A m\u00e9s, volem agrair de manera especial a la Junta Directiva de la SCCOT per la confian\u00e7a que ens han mostrat en atorgar-nos la responsabilitat d&#8217;organitzar aquest esdeveniment. \u00c9s un honor per a nosaltres poder assumir aquesta tasca.<\/p>\n\n\n\n<p>Tamb\u00e9 volem expressar el nostre reconeixement i gratitud a tots els membres dels nostres equips assistencials i al comit\u00e8 cient\u00edfic. Sabem l&#8217;enorme esfor\u00e7 que han realitzat per mantenir l&#8217;activitat assistencial di\u00e0ria als hospitals mentre participaven activament per aconseguir l&#8217;\u00e8xit d&#8217;aquest congr\u00e9s. Sense la seva dedicaci\u00f3 i comprom\u00eds, no haur\u00edem pogut assolir els nostres objectius. A tots ells, el nostre m\u00e9s sincer agra\u00efment.<\/p>\n\n\n\n<p>Desitgem que aquest congr\u00e9s sigui una experi\u00e8ncia enriquidora i motivadora per a tots els assistents, i que contribueixi al progr\u00e9s continu de la cirurgia ortop\u00e8dica i traumatologia a Catalunya. Sou imprescindibles per a l\u2019\u00e8xit de la reuni\u00f3, tant amb la vostra assist\u00e8ncia com amb la vostra participaci\u00f3 cient\u00edfica.<\/p>\n\n\n\n<p>Us esperem amb els bra\u00e7os oberts a l&#8217;Hospitalet de Llobregat per compartir coneixements, establir nous vincles i gaudir d&#8217;uns dies de trobada professional i amistosa.<\/p>\n\n\n\n<p>Salutacions cordials,<\/p>\n\n\n\n<p><strong>Dr Luis Font \u00a0 Vizcarra\u00a0 \u00a0<\/strong><\/p>\n\n\n\n<p>Cap de Servei de COT,&nbsp; Complex Hospitalari Universitari Moises Broggi, Consorci Sanitari Integral<\/p>\n\n\n\n<p><\/p>\n\n\n\n<p><strong>Dr F\u00e9lix Castillo Garc\u00eda<\/strong><\/p>\n\n\n\n<p>Cap de Servei de COT, Hospital Dos de Maig, Consorci Sanitari Integral<\/p>\n\n\n\n<p><\/p>\n\n\n\n<p><\/p>\n\n\n\n<p><\/p>\n\n\n\n<p><\/p>\n\n\n\n<p><\/p>\n\n\n\n<p><\/p>\n\n\n\n<p><\/p>\n","protected":false},"excerpt":{"rendered":"<p>Estimat\/ada membre de la Societat Catalana de Cirurgia Ortop\u00e8dica i Traumatologia (SCCOT) i de la Societat d&#8217;Infermeria Catalana de COT (SICCOT): Ens plau sincerament donar-vos la benvinguda al 36\u00e8 Congr\u00e9s de la SCCOT i al 7\u00e8 Congr\u00e9s de la SICCOT, que se celebrar\u00e0 els dies 30 i 31 de maig a l&#8217;Hospitalet de Llobregat. Aquest&hellip;&nbsp;<a href=\"http:\/\/congres-sccot.com\/?page_id=2884\" rel=\"bookmark\">Leer m\u00e1s &raquo;<span class=\"screen-reader-text\">Benvinguda del Comit\u00e8 Organitzador<\/span><\/a><\/p>\n","protected":false},"author":1,"featured_media":0,"parent":0,"menu_order":0,"comment_status":"closed","ping_status":"closed","template":"","meta":{"neve_meta_sidebar":"","neve_meta_container":"","neve_meta_enable_content_width":"","neve_meta_content_width":0,"neve_meta_title_alignment":"","neve_meta_author_avatar":"","neve_post_elements_order":"","neve_meta_disable_header":"","neve_meta_disable_footer":"","neve_meta_disable_title":"","footnotes":""},"class_list":["post-2884","page","type-page","status-publish","hentry"],"_links":{"self":[{"href":"http:\/\/congres-sccot.com\/index.php?rest_route=\/wp\/v2\/pages\/2884","targetHints":{"allow":["GET"]}}],"collection":[{"href":"http:\/\/congres-sccot.com\/index.php?rest_route=\/wp\/v2\/pages"}],"about":[{"href":"http:\/\/congres-sccot.com\/index.php?rest_route=\/wp\/v2\/types\/page"}],"author":[{"embeddable":true,"href":"http:\/\/congres-sccot.com\/index.php?rest_route=\/wp\/v2\/users\/1"}],"replies":[{"embeddable":true,"href":"http:\/\/congres-sccot.com\/index.php?rest_route=%2Fwp%2Fv2%2Fcomments&post=2884"}],"version-history":[{"count":1,"href":"http:\/\/congres-sccot.com\/index.php?rest_route=\/wp\/v2\/pages\/2884\/revisions"}],"predecessor-version":[{"id":2885,"href":"http:\/\/congres-sccot.com\/index.php?rest_route=\/wp\/v2\/pages\/2884\/revisions\/2885"}],"wp:attachment":[{"href":"http:\/\/congres-sccot.com\/index.php?rest_route=%2Fwp%2Fv2%2Fmedia&parent=2884"}],"curies":[{"name":"wp","href":"https:\/\/api.w.org\/{rel}","templated":true}]}}