{"id":4017,"date":"2025-02-05T11:34:53","date_gmt":"2025-02-05T11:34:53","guid":{"rendered":"https:\/\/congres-sccot.com\/?page_id=4017"},"modified":"2025-04-04T09:00:48","modified_gmt":"2025-04-04T09:00:48","slug":"benvinguda-4","status":"publish","type":"page","link":"http:\/\/congres-sccot.com\/?page_id=4017","title":{"rendered":"Benvinguda"},"content":{"rendered":"\n<p>Benvolgudes i benvolguts<\/p>\n\n\n\n<p>El XXXVII congr\u00e9s de la SCCOT es celebrar\u00e0 a Barcelona a la Facultat de Medicina i Ci\u00e8ncies de la Salut de la Universitat de Barcelona (seu Cl\u00ednic) els dies 29 i 30 de maig de 2025 organitzat pel servei de COT de l\u2019Hospital Cl\u00ednic.<\/p>\n\n\n\n<p>Si b\u00e9 es cert que durant el curs acad\u00e8mic es fan les sessions ordin\u00e0ries, les de formaci\u00f3 continuada, i les dels diferents grups d\u2019estudi a l\u2019Acad\u00e8mia, ara la majoria en format mixt (presencial i telem\u00e0tic), el congr\u00e9s \u00e9s la nostra festa major. Un lloc de trobada per difondre, compartir coneixement i de col\u00b7laboraci\u00f3 entre companys, sense oblidar les relacions personals.<\/p>\n\n\n\n<p>El programa del 37\u00e8 congr\u00e9s mant\u00e9 el format b\u00e0sic amb dues taules rodones (\u201cActualitzaci\u00f3 de les opcions quir\u00fargiques en l\u2019artropatia avan\u00e7ada de turmell\u201d i \u201dPatologia traum\u00e0tica dels tendons flexors\u201d), sessions de comunicacions orals, de cartells cient\u00edfics, les taules d&amp;#39;exposici\u00f3 de tesis doctorals, i premis. Tamb\u00e9 hi ha la sessi\u00f3 espec\u00edfica per a residents el dijous al mat\u00ed i els convidem a tots a participar-hi, ja que la inscripci\u00f3 es gratu\u00efta.<\/p>\n\n\n\n<p>Els comit\u00e8s organitzador del congr\u00e9s, i el cient\u00edfic han treballat per a fer un programa atractiu per a tots i com als darrers congressos, es far\u00e0 simult\u00e0niament la Reuni\u00f3 de la Societat d\u2019Infermeria Catalana en COT amb activitats conjuntes.<\/p>\n\n\n\n<p>Us animo a participar a la reuni\u00f3 cient\u00edfica m\u00e9s important de la nostra Societat.<\/p>\n\n\n\n<p>L\u2019Assemblea ordin\u00e0ria de la societat es realitzar\u00e0 el divendres 30 a les 18h i al final del congr\u00e9s es faran p\u00fablics els resultats dels diferents premis i beques.<\/p>\n\n\n\n<p>Salutacions cordials<\/p>\n\n\n\n<figure class=\"wp-block-image size-full is-resized\"><img loading=\"lazy\" decoding=\"async\" width=\"1006\" height=\"554\" src=\"https:\/\/congres-sccot.com\/wp-content\/uploads\/2025\/02\/Captura-de-pantalla-2025-02-05-a-las-12.33.49.png\" alt=\"\" class=\"wp-image-4019\" style=\"width:342px;height:auto\" srcset=\"http:\/\/congres-sccot.com\/wp-content\/uploads\/2025\/02\/Captura-de-pantalla-2025-02-05-a-las-12.33.49.png 1006w, http:\/\/congres-sccot.com\/wp-content\/uploads\/2025\/02\/Captura-de-pantalla-2025-02-05-a-las-12.33.49-300x165.png 300w, http:\/\/congres-sccot.com\/wp-content\/uploads\/2025\/02\/Captura-de-pantalla-2025-02-05-a-las-12.33.49-768x423.png 768w\" sizes=\"auto, (max-width: 1006px) 100vw, 1006px\" \/><\/figure>\n\n\n\n<hr class=\"wp-block-separator has-alpha-channel-opacity\"\/>\n\n\n\n<p>Benvolguts companys,<\/p>\n\n\n\n<p>Un any m\u00e9s arriba el Congr\u00e9s anual de les nostres Societats Catalanes, de COT i d\u2019infermeria en COT, que aquest any celebrarem a la Facultat de Medicina de la Universitat de Barcelona, una seu emblem\u00e0tica on molts de nosaltres vam iniciar el nostre cam\u00ed en la professi\u00f3 m\u00e8dica. Jo encara recordo el dia que, amb 18 anys acabats de fer i mort de por, vaig pujar per primera vegada les escales d\u2019aquesta Facultat, ara fa, nom\u00e9s, 37 anys. I em fa especial il\u00b7lusi\u00f3 que aquest 2025 el Servei de COT del Cl\u00ednic aculli i organitzi el Congr\u00e9s anual de la nostra Societat cient\u00edfica. &nbsp;<\/p>\n\n\n\n<p>Com sempre, el Congr\u00e9s vol ser, d\u2019una banda, una celebraci\u00f3 cient\u00edfica, on exposem i discutim els treballs de recerca o revisi\u00f3, tesis doctorals i temes d\u2019actualitat de la nostra especialitat; i d\u2019altra, un espai per compartir els nostres neguits professionals i l\u2019amistat que ens uneix.<\/p>\n\n\n\n<p>Enguany el Congr\u00e9s segueix l\u2019estructura habitual. Comen\u00e7arem el 29 de maig al mat\u00ed amb les sessions de residents i de tutors i la tarda la inauguraci\u00f3, la primera taula rodona i sessions de comunicacions i lliures i de grups de treball de la SCCOT. A la inauguraci\u00f3 comptarem amb una confer\u00e8ncia magistral del Sr. Enric Pifarr\u00e9 Montaner, enginyer i Director General de Volkswagen Espanya, a qui vull agrair expressament la seva participaci\u00f3. L\u2019Enric t\u00e9 un vincle amb la nostra Facultat de Medicina perqu\u00e8 el seu pare en va ser catedr\u00e0tic. Ho explicarem a la inauguraci\u00f3.<\/p>\n\n\n\n<p>Ja divendres 30, la segona taula rodona, sessions de comunicacions, la taula conjunta SCCOT-SICOT, les sessions de tesis doctorals, millors comunicacions i millors cartells, grups de treball i 2 taules amb participaci\u00f3 del Prof. Mohit Bhandari, probablement el traumat\u00f2leg amb millor curr\u00edculum cient\u00edfic del m\u00f3n, a qui tamb\u00e9 vull agrair expressament el seu suport, que ja t\u00e9 llarga tradici\u00f3, a la Societat Catalana de COT. Finalment, hem introdu\u00eft una breu sessi\u00f3 anomenada \u201cConeixem els Serveis de COT de Catalunya\u201d on 3 Serveis ens explicaran qui s\u00f3n, quina activitat fan cada any i quins punts forts tenen.<\/p>\n\n\n\n<p>Vull donar les gr\u00e0cies a la Junta Directiva de les dues Societats, als Comit\u00e8s Organitzador i Cient\u00edfic del Congr\u00e9s, a tots els ponents i moderadors, als esp\u00f2nsors per la seva imprescindible participaci\u00f3 i a&nbsp; tots vosaltres per venir i fer millor el nostre Congr\u00e9s anual.<\/p>\n\n\n\n<p>Tenim, tots ho sabeu, la millor professi\u00f3 del m\u00f3n, una tasca noble de servei als nostres pacients (assist\u00e8ncia), als nostres companys (doc\u00e8ncia i gesti\u00f3) i al futur de la cirurgia (recerca). Alhora, la nostra feina di\u00e0ria ens empeny cont\u00ednuament a la humilitat. Cada vegada que guanyem un dos grams de satisfacci\u00f3, i potser d\u2019ego, per un cas d\u2019\u00e8xit, apareix immediatament un pacient que no acaba d\u2019anar del tot b\u00e9 i que ens recorda com en som de petits i quant tenim encara per aprendre. Estic segur que a tots ens passa el mateix i aix\u00f2 ens empeny dia rere dia a buscar el coneixement i centrar-nos en els valors humans i professionals que defineixen tota la nostra activitat m\u00e8dica.<\/p>\n\n\n\n<p>Gr\u00e0cies doncs per ser-hi, per participar, per preguntar i aportar noves idees, per celebrar junts, en definitiva, aquesta breu per\u00f2 intensa festa anual de la nostra especialitat.<\/p>\n\n\n\n<p>Us esperem a Barcelona!<\/p>\n\n\n\n<figure class=\"wp-block-image size-full is-resized\"><img loading=\"lazy\" decoding=\"async\" width=\"530\" height=\"240\" src=\"https:\/\/congres-sccot.com\/wp-content\/uploads\/2025\/04\/Captura-de-pantalla-2025-04-01-a-les-12.31.46.png\" alt=\"\" class=\"wp-image-4221\" style=\"width:333px\" srcset=\"http:\/\/congres-sccot.com\/wp-content\/uploads\/2025\/04\/Captura-de-pantalla-2025-04-01-a-les-12.31.46.png 530w, http:\/\/congres-sccot.com\/wp-content\/uploads\/2025\/04\/Captura-de-pantalla-2025-04-01-a-les-12.31.46-300x136.png 300w\" sizes=\"auto, (max-width: 530px) 100vw, 530px\" \/><\/figure>\n\n\n\n<p><\/p>\n","protected":false},"excerpt":{"rendered":"<p>Benvolgudes i benvolguts El XXXVII congr\u00e9s de la SCCOT es celebrar\u00e0 a Barcelona a la Facultat de Medicina i Ci\u00e8ncies de la Salut de la Universitat de Barcelona (seu Cl\u00ednic) els dies 29 i 30 de maig de 2025 organitzat pel servei de COT de l\u2019Hospital Cl\u00ednic. Si b\u00e9 es cert que durant el curs&hellip;&nbsp;<a href=\"http:\/\/congres-sccot.com\/?page_id=4017\" rel=\"bookmark\">Leer m\u00e1s &raquo;<span class=\"screen-reader-text\">Benvinguda<\/span><\/a><\/p>\n","protected":false},"author":1,"featured_media":0,"parent":0,"menu_order":0,"comment_status":"closed","ping_status":"closed","template":"","meta":{"neve_meta_sidebar":"","neve_meta_container":"","neve_meta_enable_content_width":"","neve_meta_content_width":0,"neve_meta_title_alignment":"","neve_meta_author_avatar":"","neve_post_elements_order":"","neve_meta_disable_header":"","neve_meta_disable_footer":"","neve_meta_disable_title":"","footnotes":""},"class_list":["post-4017","page","type-page","status-publish","hentry"],"_links":{"self":[{"href":"http:\/\/congres-sccot.com\/index.php?rest_route=\/wp\/v2\/pages\/4017","targetHints":{"allow":["GET"]}}],"collection":[{"href":"http:\/\/congres-sccot.com\/index.php?rest_route=\/wp\/v2\/pages"}],"about":[{"href":"http:\/\/congres-sccot.com\/index.php?rest_route=\/wp\/v2\/types\/page"}],"author":[{"embeddable":true,"href":"http:\/\/congres-sccot.com\/index.php?rest_route=\/wp\/v2\/users\/1"}],"replies":[{"embeddable":true,"href":"http:\/\/congres-sccot.com\/index.php?rest_route=%2Fwp%2Fv2%2Fcomments&post=4017"}],"version-history":[{"count":3,"href":"http:\/\/congres-sccot.com\/index.php?rest_route=\/wp\/v2\/pages\/4017\/revisions"}],"predecessor-version":[{"id":4247,"href":"http:\/\/congres-sccot.com\/index.php?rest_route=\/wp\/v2\/pages\/4017\/revisions\/4247"}],"wp:attachment":[{"href":"http:\/\/congres-sccot.com\/index.php?rest_route=%2Fwp%2Fv2%2Fmedia&parent=4017"}],"curies":[{"name":"wp","href":"https:\/\/api.w.org\/{rel}","templated":true}]}}