{"id":4148,"date":"2025-03-13T09:24:34","date_gmt":"2025-03-13T09:24:34","guid":{"rendered":"https:\/\/congres-sccot.com\/?page_id=4148"},"modified":"2025-05-06T14:13:53","modified_gmt":"2025-05-06T14:13:53","slug":"comites-5","status":"publish","type":"page","link":"http:\/\/congres-sccot.com\/?page_id=4148","title":{"rendered":"Comit\u00e8s"},"content":{"rendered":"\n<figure class=\"wp-block-table has-medium-font-size\"><table class=\"has-neve-text-color-color has-text-color has-link-color has-fixed-layout\"><tbody><tr><td><strong>Comit\u00e8 Organitzador del Congr\u00e9s SCCOT 2025<\/strong><br><strong><br>President<br><\/strong>Pere Torner Pifarr\u00e9<br><br><strong>Membres<\/strong><br>Pilar Camacho Carrasco<br>Jenaro Fern\u00e1ndez-Valencia Laborde<br>Juan Carlos Mart\u00ednez Pastor<br>Daniel Poggio Cano<br>Sergi Sastre Solsona<br>Adri\u00e0 Serra Trullas<br><br><br><br><strong>Comit\u00e8 Cient\u00edfic del Congr\u00e9s SCCOT 2025<br><\/strong>Alba Romero<br>Albert Broch<br>Alberto Ruiz Nasarre<br>Antonio Vicente<br>Carles Esteve<br>Cesar Galo Garc\u00eda Fontecha<br>Christian Yela<br>Conrad Bertr\u00e1n<br>Dami\u00e0 Galcer\u00e0<br>Daniel Arribas<br>Eduardo Tornero<br>Emili Ca\u00f1ete<br>Enric Cruz<br>Ester Comellas<br>Eugeni Garc\u00eda Almagro<br>F\u00e8lix Castillo<br>Guillem Claret<br>Guillem Sal\u00f3<br>Ignacio Ginebreda<br>Isidre Gracia<br>Ivan D\u00edez<br>Jaime Mar\u00edn<br>Joan Carles Monllau<br>Joan Castellanos<br>Joan Leal<br>Joan Minguell<br>Jordi Colomina<br>Jordi Villalba<br>Jos\u00e9 A. Becerra<br>J.A. Hern\u00e1ndez Hermoso<br>Jos\u00e9 Ram\u00f3n Garc\u00eda Medina<br>Josep Agull\u00f3<br>Josep Novell<br>J.P. Garc\u00eda de la Fuente<br>Lloren\u00e7 Mateo<br>Lluis Font<br>Lluisa Gozzi<br>Manel Ballester<br>Manel Mas<br>Manel Vancells Garrido<br>Maurizio Giordanengo<br>Mauro Vergara<br>Miquel \u00c0ngel froufe<br>Montse Tejel<br>Pere Mir<br>Santiago Albors<br>Santiago Gallardo<br>Antoni Bu\u00f1uel<br>Xavier Gonz\u00e0lez Ust\u00e9s<br>Xavier Pelfort<br>Xavier Piqueres<br>Xavier Rodr\u00edguez<br><br><br><strong><br>JUNTA DIRECTIVA SCCOT<br>President<br><\/strong>Josep Maria Segur Vilalta<br><br><strong><small>Vicepresident<\/small><br><\/strong>Francesc Angl\u00e8s Crespo<br><br><strong><small>Secretari<\/small><br><\/strong>Mart\u00ed Carles Bernaus Johnson<br><br><strong><small>Tresorer<\/small><br><\/strong>Josep Llu\u00eds Agull\u00f3 Ferr\u00e9<br><br><strong><small>Vocal Doc\u00e8ncia<\/small><br><\/strong>Anna Carreras Casta\u00f1er<br><br><strong><small>Vocal Resident<\/small><br><\/strong>Olga Torrent Alsina<br><br><strong><small>Vocal comunicaci\u00f3<\/small><br><\/strong>M\u00f2nica Galipienso Eri<br><br><strong><small><small>Vocal de Recerca i innovaci\u00f3<\/small><\/small><br><\/strong>Roger Rojas Sayol<br><br><strong><small><small>Vocal Cooperaci\u00f3<\/small><\/small><br><\/strong>Victor Barro Ojeda<br><br><strong><small><small>President sortint<\/small><\/small><br><\/strong>Francesc Pallis\u00f3 Folch<\/td><\/tr><\/tbody><\/table><\/figure>\n","protected":false},"excerpt":{"rendered":"<p>Comit\u00e8 Organitzador del Congr\u00e9s SCCOT 2025PresidentPere Torner Pifarr\u00e9 MembresPilar Camacho CarrascoJenaro Fern\u00e1ndez-Valencia LabordeJuan Carlos Mart\u00ednez PastorDaniel Poggio CanoSergi Sastre SolsonaAdri\u00e0 Serra Trullas Comit\u00e8 Cient\u00edfic del Congr\u00e9s SCCOT 2025Alba RomeroAlbert BrochAlberto Ruiz NasarreAntonio VicenteCarles EsteveCesar Galo Garc\u00eda FontechaChristian YelaConrad Bertr\u00e1nDami\u00e0 Galcer\u00e0Daniel ArribasEduardo TorneroEmili Ca\u00f1eteEnric CruzEster ComellasEugeni Garc\u00eda AlmagroF\u00e8lix CastilloGuillem ClaretGuillem Sal\u00f3Ignacio GinebredaIsidre GraciaIvan D\u00edezJaime Mar\u00ednJoan Carles&hellip;&nbsp;<a href=\"http:\/\/congres-sccot.com\/?page_id=4148\" rel=\"bookmark\">Leer m\u00e1s &raquo;<span class=\"screen-reader-text\">Comit\u00e8s<\/span><\/a><\/p>\n","protected":false},"author":1,"featured_media":0,"parent":0,"menu_order":0,"comment_status":"closed","ping_status":"closed","template":"","meta":{"neve_meta_sidebar":"","neve_meta_container":"","neve_meta_enable_content_width":"","neve_meta_content_width":0,"neve_meta_title_alignment":"","neve_meta_author_avatar":"","neve_post_elements_order":"","neve_meta_disable_header":"","neve_meta_disable_footer":"","neve_meta_disable_title":"","footnotes":""},"class_list":["post-4148","page","type-page","status-publish","hentry"],"_links":{"self":[{"href":"http:\/\/congres-sccot.com\/index.php?rest_route=\/wp\/v2\/pages\/4148","targetHints":{"allow":["GET"]}}],"collection":[{"href":"http:\/\/congres-sccot.com\/index.php?rest_route=\/wp\/v2\/pages"}],"about":[{"href":"http:\/\/congres-sccot.com\/index.php?rest_route=\/wp\/v2\/types\/page"}],"author":[{"embeddable":true,"href":"http:\/\/congres-sccot.com\/index.php?rest_route=\/wp\/v2\/users\/1"}],"replies":[{"embeddable":true,"href":"http:\/\/congres-sccot.com\/index.php?rest_route=%2Fwp%2Fv2%2Fcomments&post=4148"}],"version-history":[{"count":2,"href":"http:\/\/congres-sccot.com\/index.php?rest_route=\/wp\/v2\/pages\/4148\/revisions"}],"predecessor-version":[{"id":4329,"href":"http:\/\/congres-sccot.com\/index.php?rest_route=\/wp\/v2\/pages\/4148\/revisions\/4329"}],"wp:attachment":[{"href":"http:\/\/congres-sccot.com\/index.php?rest_route=%2Fwp%2Fv2%2Fmedia&parent=4148"}],"curies":[{"name":"wp","href":"https:\/\/api.w.org\/{rel}","templated":true}]}}