{"id":1795,"date":"2023-02-21T14:32:18","date_gmt":"2023-02-21T14:32:18","guid":{"rendered":"http:\/\/congres-sccot.com\/?page_id=1795"},"modified":"2025-01-24T10:34:05","modified_gmt":"2025-01-24T10:34:05","slug":"comites","status":"publish","type":"page","link":"https:\/\/congres-sccot.com\/?page_id=1795","title":{"rendered":"Comit\u00e8s"},"content":{"rendered":"\n<p><strong><mark style=\"background-color:rgba(0, 0, 0, 0)\" class=\"has-inline-color has-nv-c-2-color\">Comit\u00e8 Organitzador<\/mark><\/strong><\/p>\n\n\n\n<figure class=\"wp-block-table\"><table><tbody><tr><td><strong>Consuelo \u00c0lvarez Lorenzo<\/strong><br>Hospital Universitari Vall d\u2019Hebron\u00a0<br><br><strong>Anna Carbas\u00e9s Estopa<\/strong><br>Hospital Universitari M\u00fatua de Terrassa\u00a0<br><br><strong>M\u00f3nica Moutinho\u00a0<\/strong><br>Hospital Universitari M\u00fatua de Terrassa\u00a0<br><br><strong>Laura Puertas Molina\u00a0<\/strong><br>Hospital Universitari M\u00fatua de Terrassa<\/td><td><strong>Agn\u00e8s Nicolau Galindo<\/strong><br>Hospital Cl\u00ednic Universitari Barcelona<br><br><strong>Gemma P\u00e9rez Morte<\/strong><br>Hospital Universitari Vall d\u2019Hebr\u00f3n<br><br><strong>Isabel Sim\u00f3 S\u00e1nchez<\/strong><br>Parc Taul\u00ed Hospital Universitari<br>Sabadell<br><br><strong>Francesc Zamora Carmona<\/strong><br>Parc Taul\u00ed Hospital Universitari<br>Sabadell<\/td><\/tr><\/tbody><\/table><\/figure>\n\n\n\n<p><strong><mark style=\"background-color:rgba(0, 0, 0, 0)\" class=\"has-inline-color has-nv-c-2-color\">Comit\u00e8 Cient\u00edfic<\/mark><\/strong><\/p>\n\n\n\n<figure class=\"wp-block-table\"><table><tbody><tr><td><strong><br><mark style=\"background-color:rgba(0, 0, 0, 0)\" class=\"has-inline-color has-nv-c-2-color\"><strong>President<\/strong><br><\/mark><strong>Francesc Zamora Carmona<\/strong><br><\/strong>Parc Taul\u00ed Hospital Universitari<br>Sabadell<strong><br><br><strong><mark style=\"background-color:rgba(0, 0, 0, 0)\" class=\"has-inline-color has-nv-c-2-color\">Membres<\/mark><\/strong><br><strong>Consuelo \u00c0lvarez Lorenzo<\/strong><br><\/strong>Hospital Universitari Vall d\u2019Hebron<br><strong><br><strong>Llu\u00efsa Cabot Mota<\/strong><br><\/strong>MC Mutual<br><strong><br><strong>Teresa Faura Vendrell<\/strong><br><\/strong>Vocal Doc\u00e8ncia SICCOT<\/td><td><strong><br><mark style=\"background-color:rgba(0, 0, 0, 0)\" class=\"has-inline-color has-nv-c-2-color\"><strong>Vicepresidenta<\/strong><br><\/mark><strong>Anna Cabas\u00e9s Estopa<\/strong><br><\/strong>Hospital Universitari M\u00fatua de Terrassa\u00a0<br><strong><br><strong>M\u00f2nica Sianes Gall\u00e9n<\/strong><br><\/strong>Parc Taul\u00ed Hospital Universitari<br>Sabadell<strong><br><br><strong>Olga Monistrol Ruano<\/strong><br><\/strong>Hospital Universitari M\u00fatua de Terrassa<strong><br><br><strong>Elisabet Mart\u00ednez March\u00e1n<\/strong><br><\/strong>Hospital Dos de Maig Barcelona<\/td><\/tr><\/tbody><\/table><\/figure>\n","protected":false},"excerpt":{"rendered":"<p>Comit\u00e8 Organitzador Consuelo \u00c0lvarez LorenzoHospital Universitari Vall d\u2019Hebron\u00a0 Anna Carbas\u00e9s EstopaHospital Universitari M\u00fatua de Terrassa\u00a0 M\u00f3nica Moutinho\u00a0Hospital Universitari M\u00fatua de Terrassa\u00a0 Laura Puertas Molina\u00a0Hospital Universitari M\u00fatua de Terrassa Agn\u00e8s Nicolau GalindoHospital Cl\u00ednic Universitari Barcelona Gemma P\u00e9rez MorteHospital Universitari Vall d\u2019Hebr\u00f3n Isabel Sim\u00f3 S\u00e1nchezParc Taul\u00ed Hospital UniversitariSabadell Francesc Zamora CarmonaParc Taul\u00ed Hospital UniversitariSabadell Comit\u00e8 Cient\u00edfic PresidentFrancesc&hellip;&nbsp;<a href=\"https:\/\/congres-sccot.com\/?page_id=1795\" rel=\"bookmark\">Leer m\u00e1s &raquo;<span class=\"screen-reader-text\">Comit\u00e8s<\/span><\/a><\/p>\n","protected":false},"author":1,"featured_media":0,"parent":0,"menu_order":0,"comment_status":"closed","ping_status":"closed","template":"","meta":{"neve_meta_sidebar":"","neve_meta_container":"","neve_meta_enable_content_width":"","neve_meta_content_width":0,"neve_meta_title_alignment":"","neve_meta_author_avatar":"","neve_post_elements_order":"","neve_meta_disable_header":"","neve_meta_disable_footer":"","neve_meta_disable_title":"","footnotes":""},"class_list":["post-1795","page","type-page","status-publish","hentry"],"_links":{"self":[{"href":"https:\/\/congres-sccot.com\/index.php?rest_route=\/wp\/v2\/pages\/1795","targetHints":{"allow":["GET"]}}],"collection":[{"href":"https:\/\/congres-sccot.com\/index.php?rest_route=\/wp\/v2\/pages"}],"about":[{"href":"https:\/\/congres-sccot.com\/index.php?rest_route=\/wp\/v2\/types\/page"}],"author":[{"embeddable":true,"href":"https:\/\/congres-sccot.com\/index.php?rest_route=\/wp\/v2\/users\/1"}],"replies":[{"embeddable":true,"href":"https:\/\/congres-sccot.com\/index.php?rest_route=%2Fwp%2Fv2%2Fcomments&post=1795"}],"version-history":[{"count":1,"href":"https:\/\/congres-sccot.com\/index.php?rest_route=\/wp\/v2\/pages\/1795\/revisions"}],"predecessor-version":[{"id":1796,"href":"https:\/\/congres-sccot.com\/index.php?rest_route=\/wp\/v2\/pages\/1795\/revisions\/1796"}],"wp:attachment":[{"href":"https:\/\/congres-sccot.com\/index.php?rest_route=%2Fwp%2Fv2%2Fmedia&parent=1795"}],"curies":[{"name":"wp","href":"https:\/\/api.w.org\/{rel}","templated":true}]}}