{"id":1965,"date":"2023-04-24T09:43:40","date_gmt":"2023-04-24T09:43:40","guid":{"rendered":"http:\/\/congres-sccot.com\/?page_id=1965"},"modified":"2025-01-24T10:34:05","modified_gmt":"2025-01-24T10:34:05","slug":"comite-organitzador","status":"publish","type":"page","link":"https:\/\/congres-sccot.com\/?page_id=1965","title":{"rendered":"Comit\u00e8 Organitzador"},"content":{"rendered":"\n<figure class=\"wp-block-table is-style-stripes\"><table><tbody><tr><td class=\"has-text-align-center\" data-align=\"center\">Javier Abarca Vegas<br>Francesc Angl\u00e8s Crespo<br>Agust\u00ed Bartra Ylla<br>Marti Carles Bernaus Johnson<br>David Bosch Garcia<br>Josep Llu\u00eds Cabr\u00e9 Serres<br>Pablo Castill\u00f3n Bernal<br>Iban Clares Moreno<br>Berta Escudero Cisneros<br>Pilar Gomez Haccart<br>Daniel Haro Fern\u00e1ndez<br>I\u00f1aki LarraKoetxea Intxausti<br>David Mateu Vicent<br>Silvia Maria Miguela Alvarez<br>Guillem Navarro Escarp<br>Jorge Hassan Nu\u00f1ez Camarena<br>Luis Ora\u00e1 Lopez<br>Inmaculada Puig De la Bellacasa Delas<br>Saioa Quintas Alvarez<br>Jordi Salvador Carre\u00f1o<br>Margarita Veloso Duran<\/td><\/tr><\/tbody><\/table><\/figure>\n","protected":false},"excerpt":{"rendered":"<p>Javier Abarca VegasFrancesc Angl\u00e8s CrespoAgust\u00ed Bartra YllaMarti Carles Bernaus JohnsonDavid Bosch GarciaJosep Llu\u00eds Cabr\u00e9 SerresPablo Castill\u00f3n BernalIban Clares MorenoBerta Escudero CisnerosPilar Gomez HaccartDaniel Haro Fern\u00e1ndezI\u00f1aki LarraKoetxea IntxaustiDavid Mateu VicentSilvia Maria Miguela AlvarezGuillem Navarro EscarpJorge Hassan Nu\u00f1ez CamarenaLuis Ora\u00e1 LopezInmaculada Puig De la Bellacasa DelasSaioa Quintas AlvarezJordi Salvador Carre\u00f1oMargarita Veloso Duran<\/p>\n","protected":false},"author":1,"featured_media":0,"parent":0,"menu_order":0,"comment_status":"closed","ping_status":"closed","template":"","meta":{"neve_meta_sidebar":"","neve_meta_container":"","neve_meta_enable_content_width":"","neve_meta_content_width":0,"neve_meta_title_alignment":"","neve_meta_author_avatar":"","neve_post_elements_order":"","neve_meta_disable_header":"","neve_meta_disable_footer":"","neve_meta_disable_title":"","footnotes":""},"class_list":["post-1965","page","type-page","status-publish","hentry"],"_links":{"self":[{"href":"https:\/\/congres-sccot.com\/index.php?rest_route=\/wp\/v2\/pages\/1965","targetHints":{"allow":["GET"]}}],"collection":[{"href":"https:\/\/congres-sccot.com\/index.php?rest_route=\/wp\/v2\/pages"}],"about":[{"href":"https:\/\/congres-sccot.com\/index.php?rest_route=\/wp\/v2\/types\/page"}],"author":[{"embeddable":true,"href":"https:\/\/congres-sccot.com\/index.php?rest_route=\/wp\/v2\/users\/1"}],"replies":[{"embeddable":true,"href":"https:\/\/congres-sccot.com\/index.php?rest_route=%2Fwp%2Fv2%2Fcomments&post=1965"}],"version-history":[{"count":1,"href":"https:\/\/congres-sccot.com\/index.php?rest_route=\/wp\/v2\/pages\/1965\/revisions"}],"predecessor-version":[{"id":1966,"href":"https:\/\/congres-sccot.com\/index.php?rest_route=\/wp\/v2\/pages\/1965\/revisions\/1966"}],"wp:attachment":[{"href":"https:\/\/congres-sccot.com\/index.php?rest_route=%2Fwp%2Fv2%2Fmedia&parent=1965"}],"curies":[{"name":"wp","href":"https:\/\/api.w.org\/{rel}","templated":true}]}}