{"id":5072,"date":"2026-02-20T08:56:15","date_gmt":"2026-02-20T08:56:15","guid":{"rendered":"https:\/\/congres-sccot.com\/?page_id=5072"},"modified":"2026-02-20T08:58:12","modified_gmt":"2026-02-20T08:58:12","slug":"benvolgudes-i-benvolguts","status":"publish","type":"page","link":"https:\/\/congres-sccot.com\/?page_id=5072","title":{"rendered":"Benvolgudes i benvolguts"},"content":{"rendered":"<div class=\"wp-block-image\">\n<figure class=\"aligncenter size-full is-resized\"><img loading=\"lazy\" decoding=\"async\" width=\"343\" height=\"347\" src=\"http:\/\/congres-sccot.com\/wp-content\/uploads\/2024\/10\/logo_sccot_web.png\" alt=\"\" class=\"wp-image-3600\" style=\"width:191px;height:auto\" srcset=\"https:\/\/congres-sccot.com\/wp-content\/uploads\/2024\/10\/logo_sccot_web.png 343w, https:\/\/congres-sccot.com\/wp-content\/uploads\/2024\/10\/logo_sccot_web-297x300.png 297w\" sizes=\"auto, (max-width: 343px) 100vw, 343px\" \/><\/figure>\n<\/div>\n\n\n<div class=\"wp-block-group alignfull has-contrast-color has-text-color has-link-color wp-elements-10737d5e8dd09346e6b58dc23cadd89d\" style=\"padding-top:var(--wp--preset--spacing--30);padding-right:var(--wp--preset--spacing--30);padding-bottom:var(--wp--preset--spacing--30);padding-left:var(--wp--preset--spacing--30)\"><div class=\"wp-block-group__inner-container is-layout-constrained wp-container-core-group-is-layout-97875daf wp-block-group-is-layout-constrained\">\n<p class=\"has-text-align-center\">El XXXVIII congr\u00e9s de la SCCOT es celebrar\u00e0 a Lleida organitzat de manera<br>conjunta pels Serveis dels Hospitals Arnau de Vilanova i Santa Maria.<\/p>\n\n\n\n<p class=\"has-text-align-center\"><br>Tornem a sortir fora de la capital i aix\u00f2 suposa poder intensificar durant un<br>parell de dies les nostres relacions professionals i d\u2019amistat.<\/p>\n\n\n\n<p class=\"has-text-align-center\"><br>El 38\u00e8 congr\u00e9s ser\u00e0 els propers 14 i 15 de Maig en alguns canvis en els horaris<br>que esperem satisfacin a la majoria. Tamb\u00e9 s\u2019ha ampliat la jornada Pre<br>Congr\u00e9s per Residents al dimecres 13 amb un curs d\u2019abordatges quir\u00fargics<br>d\u2019extremitat superior amb cad\u00e0vers i una sessi\u00f3 de casos cl\u00ednics per la tarda.<\/p>\n\n\n\n<p class=\"has-text-align-center\"><br>El Congr\u00e9s comen\u00e7ar\u00e0 dijous 14 al mat\u00ed i acabarem el divendres al migdia.<br>Consta de dues Taules Rodones, una sobre tumors i l\u2019altra sobre l\u2019artropl\u00e0stia<br>unicompartimental de genoll. Tamb\u00e9 ens facilitar\u00e0 la trobada dels diferents<br>grups de treball de la nostra especialitat, sense oblidar les comunicacions<br>lliures que s\u00f3n l\u2019\u00e0nima del Congr\u00e9s. Tamb\u00e9 contarem amb una Taula de Tesis<br>Doctorals i Premis i Beques que evidenciaran com est\u00e0 la recerca al nostre<br>pa\u00eds.<\/p>\n\n\n\n<p class=\"has-text-align-center\"><br>Com els darrers anys, compartirem espai i ci\u00e8ncia amb la Societat Catalana de<br>Infermeria en COT. Cada vegada treballem de manera m\u00e9s sincronitzada i ja<br>som imprescindibles els uns pels altres. Aix\u00f2 tamb\u00e9 es posa en relleu en el<br>nostre Congr\u00e9s.<\/p>\n\n\n\n<p class=\"has-text-align-center\"><br>Us animen a participar en la reuni\u00f3 cient\u00edfica m\u00e9s important de la SCCOT i de<br>la SCICOT, aix\u00ed com animar-vos a assistir a l\u2019assemblea de la Societat per fer-<br>la millor entre tots.<\/p>\n\n\n\n<p class=\"has-text-align-center\"><br>Una abra\u00e7ada<\/p>\n\n\n\n<p class=\"has-text-align-center\"><br><strong>Francesc Angl\u00e8s<br><\/strong><em>President SCCOT<\/em><\/p>\n<\/div><\/div>\n","protected":false},"excerpt":{"rendered":"<p>El XXXVIII congr\u00e9s de la SCCOT es celebrar\u00e0 a Lleida organitzat de maneraconjunta pels Serveis dels Hospitals Arnau de Vilanova i Santa Maria. Tornem a sortir fora de la capital i aix\u00f2 suposa poder intensificar durant unparell de dies les nostres relacions professionals i d\u2019amistat. El 38\u00e8 congr\u00e9s ser\u00e0 els propers 14 i 15 de&hellip;&nbsp;<a href=\"https:\/\/congres-sccot.com\/?page_id=5072\" rel=\"bookmark\">Leer m\u00e1s &raquo;<span class=\"screen-reader-text\">Benvolgudes i benvolguts<\/span><\/a><\/p>\n","protected":false},"author":1,"featured_media":0,"parent":0,"menu_order":0,"comment_status":"closed","ping_status":"closed","template":"","meta":{"neve_meta_sidebar":"","neve_meta_container":"","neve_meta_enable_content_width":"","neve_meta_content_width":0,"neve_meta_title_alignment":"","neve_meta_author_avatar":"","neve_post_elements_order":"","neve_meta_disable_header":"","neve_meta_disable_footer":"","neve_meta_disable_title":"","footnotes":""},"class_list":["post-5072","page","type-page","status-publish","hentry"],"_links":{"self":[{"href":"https:\/\/congres-sccot.com\/index.php?rest_route=\/wp\/v2\/pages\/5072","targetHints":{"allow":["GET"]}}],"collection":[{"href":"https:\/\/congres-sccot.com\/index.php?rest_route=\/wp\/v2\/pages"}],"about":[{"href":"https:\/\/congres-sccot.com\/index.php?rest_route=\/wp\/v2\/types\/page"}],"author":[{"embeddable":true,"href":"https:\/\/congres-sccot.com\/index.php?rest_route=\/wp\/v2\/users\/1"}],"replies":[{"embeddable":true,"href":"https:\/\/congres-sccot.com\/index.php?rest_route=%2Fwp%2Fv2%2Fcomments&post=5072"}],"version-history":[{"count":3,"href":"https:\/\/congres-sccot.com\/index.php?rest_route=\/wp\/v2\/pages\/5072\/revisions"}],"predecessor-version":[{"id":5078,"href":"https:\/\/congres-sccot.com\/index.php?rest_route=\/wp\/v2\/pages\/5072\/revisions\/5078"}],"wp:attachment":[{"href":"https:\/\/congres-sccot.com\/index.php?rest_route=%2Fwp%2Fv2%2Fmedia&parent=5072"}],"curies":[{"name":"wp","href":"https:\/\/api.w.org\/{rel}","templated":true}]}}